{"id":149,"date":"2019-01-15T14:07:54","date_gmt":"2019-01-15T13:07:54","guid":{"rendered":"https:\/\/locandacanal.com\/it\/?page_id=149"},"modified":"2023-03-23T10:01:34","modified_gmt":"2023-03-23T09:01:34","slug":"locanda-canal-venezia","status":"publish","type":"page","link":"https:\/\/locandacanal.com\/it\/locanda-canal-venezia\/","title":{"rendered":"&#8230;un piccolo gioiello nel cuore di Venezia"},"content":{"rendered":"<div class=\"box-text\">\n<p><strong>Hotel Locanda Canal<\/strong> \u00e8 un piccolo hotel nel centro storico di <strong>Venezia<\/strong>.<\/p>\n<p>Ospitato in un edificio del XIII\u00b0 secolo di fronte al &#8220;Rio del Remedio&#8221;, \u00e8 in una posizione tranquilla a breve distanza da <strong>Piazza San Marco<\/strong> e dal <strong>Ponte di Rialto<\/strong>.<\/p>\n<\/div>\n\n\n<figure class=\"wp-block-gallery has-nested-images columns-default is-cropped wp-block-gallery-1 is-layout-flex wp-block-gallery-is-layout-flex\">\n<figure class=\"wp-block-image\"><img loading=\"lazy\" decoding=\"async\" width=\"576\" height=\"1024\" data-id=\"380\" src=\"https:\/\/locandacanal.com\/it\/wp-content\/uploads\/2019\/02\/IMG-20190221-WA0000-576x1024.jpg\" alt=\"\" class=\"wp-image-380\" srcset=\"https:\/\/locandacanal.com\/it\/wp-content\/uploads\/2019\/02\/IMG-20190221-WA0000-576x1024.jpg 576w, https:\/\/locandacanal.com\/it\/wp-content\/uploads\/2019\/02\/IMG-20190221-WA0000-169x300.jpg 169w, https:\/\/locandacanal.com\/it\/wp-content\/uploads\/2019\/02\/IMG-20190221-WA0000-768x1365.jpg 768w, https:\/\/locandacanal.com\/it\/wp-content\/uploads\/2019\/02\/IMG-20190221-WA0000.jpg 900w\" sizes=\"auto, (max-width: 576px) 100vw, 576px\" \/><figcaption class=\"wp-element-caption\"> <br><a href=\"\/it\/photogallery\/\">..scopri le nostre stanze<\/a> <\/figcaption><\/figure>\n\n\n\n<figure class=\"wp-block-image\"><img loading=\"lazy\" decoding=\"async\" width=\"1024\" height=\"683\" data-id=\"257\" src=\"https:\/\/locandacanal.com\/it\/wp-content\/uploads\/2019\/02\/redentore-due-1024x683.jpg\" alt=\"\" class=\"wp-image-257\" srcset=\"https:\/\/locandacanal.com\/it\/wp-content\/uploads\/2019\/02\/redentore-due-1024x683.jpg 1024w, https:\/\/locandacanal.com\/it\/wp-content\/uploads\/2019\/02\/redentore-due-300x200.jpg 300w, https:\/\/locandacanal.com\/it\/wp-content\/uploads\/2019\/02\/redentore-due-768x512.jpg 768w, https:\/\/locandacanal.com\/it\/wp-content\/uploads\/2019\/02\/redentore-due-666x444.jpg 666w\" sizes=\"auto, (max-width: 1024px) 100vw, 1024px\" \/><figcaption class=\"wp-element-caption\"><a href=\"\/it\/offerte\/\">&#8230;eventi a Venezia<\/a><\/figcaption><\/figure>\n\n\n\n<figure class=\"wp-block-image\"><img loading=\"lazy\" decoding=\"async\" width=\"497\" height=\"1024\" data-id=\"442\" src=\"https:\/\/locandacanal.com\/it\/wp-content\/uploads\/2019\/03\/mappasitodef-497x1024.jpg\" alt=\"\" class=\"wp-image-442\" srcset=\"https:\/\/locandacanal.com\/it\/wp-content\/uploads\/2019\/03\/mappasitodef-497x1024.jpg 497w, https:\/\/locandacanal.com\/it\/wp-content\/uploads\/2019\/03\/mappasitodef-145x300.jpg 145w, https:\/\/locandacanal.com\/it\/wp-content\/uploads\/2019\/03\/mappasitodef.jpg 753w\" sizes=\"auto, (max-width: 497px) 100vw, 497px\" \/><figcaption class=\"wp-element-caption\"> <br> <br><a href=\"\/it\/come-arrivare\/\">&#8230;come arrivare<\/a><\/figcaption><\/figure>\n<\/figure>\n\n\n\n<p>L&#8217;<strong>Hotel Locanda Canal<\/strong> \u00e8 il modo migliore per immergersi completamente nelle bellezze di una magnifica citt\u00e0 come <strong>Venezia<\/strong>.<\/p>\n\n\n\n<h2 class=\"wp-block-heading\">Esplorare <strong>Venezia<\/strong><\/h2>\n\n\n\n<p><strong>Piazza San Marco<\/strong> \u00e8 il salotto di <strong>Venezia<\/strong>, a pochi passi dal nostro hotel. La piazza \u00e8 circondata da alcuni degli edifici pi\u00f9 significativi di <strong>Venezia<\/strong> come il <strong>Palazzo Ducale<\/strong>, la <strong>Basilica di San Marco<\/strong> e il Campanile. E per un&#8217;esperienza veramente unica \u00e8 possibile entrare in uno degli antichi caff\u00e9 come il famoso <strong>Caff\u00e9 Florian<\/strong>.<\/p>\n\n\n\n<p>Il <strong>Ponte di Rialto<\/strong> \u00e8 il pi\u00f9 antico dei quattro ponti che attraversano il <strong>Canal Grande<\/strong> a <strong>Venezia<\/strong>, e collega il &#8220;sestiere&#8221; (quartiere) di San Marco a San Polo. E&#8217; ora una delle pi\u00f9 note attrazioni turistiche della citt\u00e0 di <strong>Venezia<\/strong>.<br>La zona di Rialto \u00e8 molto conosciuta per il suo famoso mercato del pesce, frequentato soprattutto da veneziani<\/p>\n\n\n\n<p>Controlla le nostre offerte e gli eventi nella sezione sottostante e trova il tuo periodo ideale per scoprire <strong>Venezia<\/strong>!<\/p>\n\n\n<ul class=\"wp-block-latest-posts__list wp-block-latest-posts\"><li><a class=\"wp-block-latest-posts__post-title\" href=\"https:\/\/locandacanal.com\/it\/news\/carnevale-a-venezia-2026\/\">CARNEVALE A VENEZIA 2026<\/a><\/li>\n<li><a class=\"wp-block-latest-posts__post-title\" href=\"https:\/\/locandacanal.com\/it\/news\/offerta-sconto-parcheggio\/\">OFFERTA SCONTO PARCHEGGIO<\/a><\/li>\n<li><a class=\"wp-block-latest-posts__post-title\" href=\"https:\/\/locandacanal.com\/it\/news\/weekend-romantico-a-venezia\/\">WEEKEND ROMANTICO A VENEZIA<\/a><\/li>\n<li><a class=\"wp-block-latest-posts__post-title\" href=\"https:\/\/locandacanal.com\/it\/news\/hotel-ideale-vicino-biennale\/\">BIENNALE ARTE 2026 \u2013 9 Maggio >> 22 Novembre<\/a><\/li>\n<\/ul>\n\n\n<p><\/p>\n","protected":false},"excerpt":{"rendered":"<p>Hotel Locanda Canal \u00e8 un piccolo hotel nel centro storico di Venezia. Ospitato in un edificio del XIII\u00b0 secolo di &hellip; <span class=\"more-button\"><a href=\"https:\/\/locandacanal.com\/it\/locanda-canal-venezia\/\" class=\"more-link\">Continue Reading<span class=\"screen-reader-text\">&#8230;un piccolo gioiello nel cuore di Venezia<\/span><\/a><\/span><\/p>\n","protected":false},"author":1,"featured_media":0,"parent":0,"menu_order":0,"comment_status":"closed","ping_status":"closed","template":"","meta":{"footnotes":""},"class_list":["post-149","page","type-page","status-publish","hentry"],"_links":{"self":[{"href":"https:\/\/locandacanal.com\/it\/wp-json\/wp\/v2\/pages\/149","targetHints":{"allow":["GET"]}}],"collection":[{"href":"https:\/\/locandacanal.com\/it\/wp-json\/wp\/v2\/pages"}],"about":[{"href":"https:\/\/locandacanal.com\/it\/wp-json\/wp\/v2\/types\/page"}],"author":[{"embeddable":true,"href":"https:\/\/locandacanal.com\/it\/wp-json\/wp\/v2\/users\/1"}],"replies":[{"embeddable":true,"href":"https:\/\/locandacanal.com\/it\/wp-json\/wp\/v2\/comments?post=149"}],"version-history":[{"count":58,"href":"https:\/\/locandacanal.com\/it\/wp-json\/wp\/v2\/pages\/149\/revisions"}],"predecessor-version":[{"id":667,"href":"https:\/\/locandacanal.com\/it\/wp-json\/wp\/v2\/pages\/149\/revisions\/667"}],"wp:attachment":[{"href":"https:\/\/locandacanal.com\/it\/wp-json\/wp\/v2\/media?parent=149"}],"curies":[{"name":"wp","href":"https:\/\/api.w.org\/{rel}","templated":true}]}}